{"id":291,"date":"2026-02-20T22:20:56","date_gmt":"2026-02-20T21:20:56","guid":{"rendered":"https:\/\/legere-orga.fr\/?page_id=291"},"modified":"2026-02-20T23:11:05","modified_gmt":"2026-02-20T22:11:05","slug":"ecosysteme","status":"publish","type":"page","link":"https:\/\/legere-orga.fr\/index.php\/ecosysteme\/","title":{"rendered":"Ecosyst\u00e8me"},"content":{"rendered":"\n<h2 class=\"wp-block-heading\">Un \u00e9cosyst\u00e8me structur\u00e9 autour de L\u00e9g\u00e8re<\/h2>\n\n\n\n<p>Le monde du travail \u00e9volue.<br>Les expertises se sp\u00e9cialisent.<br>Les dirigeants collaborent de plus en plus avec des ind\u00e9pendants.<\/p>\n\n\n\n<p>Cette diversit\u00e9 est une richesse \u2014 \u00e0 condition d\u2019\u00eatre structur\u00e9e.<\/p>\n\n\n\n<p>L\u00e9g\u00e8re s\u2019inscrit dans cette logique :<br>coordonner des expertises compl\u00e9mentaires tout en restant votre interlocuteur unique.<\/p>\n\n\n\n<h2 class=\"wp-block-heading\">Des expertises int\u00e9gr\u00e9es au cadre<\/h2>\n\n\n\n<p>Certaines situations n\u00e9cessitent des comp\u00e9tences sp\u00e9cifiques, int\u00e9gr\u00e9es au pilotage global :<\/p>\n\n\n\n<ul class=\"wp-block-list\">\n<li>Infrastructure &amp; outils num\u00e9riques<\/li>\n\n\n\n<li>Structuration du d\u00e9veloppement et organisation commerciale<\/li>\n\n\n\n<li>Mise en place de process collaboratifs<\/li>\n\n\n\n<li>Accompagnement posture dirigeant<\/li>\n\n\n\n<li>Organisation administrative avanc\u00e9e<\/li>\n<\/ul>\n\n\n\n<p>Ces expertises s\u2019int\u00e8grent dans une logique coh\u00e9rente.<br>Vous n\u2019avez pas \u00e0 coordonner plusieurs intervenants : je reste votre point de r\u00e9f\u00e9rence.<\/p>\n\n\n\n<h2 class=\"wp-block-heading\">Un r\u00e9seau de professionnels de confiance<\/h2>\n\n\n\n<p>L\u00e9g\u00e8re travaille \u00e9galement en lien avec des cabinets comptables, avocats et autres professionnels du conseil.<\/p>\n\n\n\n<p>Chaque intervenant conserve son ind\u00e9pendance et son champ d\u2019expertise.<\/p>\n\n\n\n<p>L\u00e9g\u00e8re n\u2019a pas vocation \u00e0 se substituer \u00e0 ces professions,<br>mais \u00e0 intervenir en compl\u00e9ment, dans une logique de coordination organisationnelle.<\/p>\n\n\n\n<p>L\u2019objectif : fluidifier les \u00e9changes et \u00e9viter au dirigeant d\u2019avoir \u00e0 tout orchestrer seul.<\/p>\n\n\n\n<h2 class=\"wp-block-heading\">Modalit\u00e9s de collaboration<\/h2>\n\n\n\n<p>Les collaborations s\u2019inscrivent dans un cadre clair :<\/p>\n\n\n\n<ul class=\"wp-block-list\">\n<li>\u00e9changes r\u00e9guliers et structur\u00e9s<\/li>\n\n\n\n<li>respect des p\u00e9rim\u00e8tres d\u2019intervention<\/li>\n\n\n\n<li>coordination autour du dirigeant<\/li>\n\n\n\n<li>vision partag\u00e9e de la m\u00e9thode et des exigences<\/li>\n<\/ul>\n\n\n\n<p>L\u2019objectif : cr\u00e9er une relation professionnelle durable, b\u00e9n\u00e9fique pour les dirigeants accompagn\u00e9s.<\/p>\n\n\n\n<h2 class=\"wp-block-heading\">Rejoindre l\u2019\u00e9cosyst\u00e8me<\/h2>\n\n\n\n<p>Je d\u00e9veloppe progressivement un r\u00e9seau de partenaires partageant les m\u00eames exigences de m\u00e9thode, de clart\u00e9 et de coh\u00e9rence.<\/p>\n\n\n\n<p>Si votre expertise peut s\u2019int\u00e9grer dans cette logique structur\u00e9e, \u00e9changeons.<\/p>\n\n\n\n<div class=\"wp-block-buttons is-layout-flex wp-block-buttons-is-layout-flex\">\n<div class=\"wp-block-button\"><a class=\"wp-block-button__link wp-element-button\" href=\"https:\/\/calendly.com\/laetitia-legere-orga\/echange-partenariat-30-minutes\">\ud83d\udc49 Proposer une collaboration<\/a><\/div>\n<\/div>\n\n\n\n<p><\/p>\n","protected":false},"excerpt":{"rendered":"<p>Un \u00e9cosyst\u00e8me structur\u00e9 autour de L\u00e9g\u00e8re Le monde du travail \u00e9volue.Les expertises se sp\u00e9cialisent.Les dirigeants collaborent de plus en plus avec des ind\u00e9pendants. Cette diversit\u00e9 est une richesse \u2014 \u00e0 condition d\u2019\u00eatre structur\u00e9e. L\u00e9g\u00e8re s\u2019inscrit dans cette logique :coordonner des expertises compl\u00e9mentaires tout en restant votre interlocuteur unique. Des expertises int\u00e9gr\u00e9es au cadre Certaines situations [&hellip;]<\/p>\n","protected":false},"author":1,"featured_media":0,"parent":0,"menu_order":0,"comment_status":"closed","ping_status":"closed","template":"","meta":{"footnotes":""},"class_list":["post-291","page","type-page","status-publish","hentry"],"_links":{"self":[{"href":"https:\/\/legere-orga.fr\/index.php\/wp-json\/wp\/v2\/pages\/291","targetHints":{"allow":["GET"]}}],"collection":[{"href":"https:\/\/legere-orga.fr\/index.php\/wp-json\/wp\/v2\/pages"}],"about":[{"href":"https:\/\/legere-orga.fr\/index.php\/wp-json\/wp\/v2\/types\/page"}],"author":[{"embeddable":true,"href":"https:\/\/legere-orga.fr\/index.php\/wp-json\/wp\/v2\/users\/1"}],"replies":[{"embeddable":true,"href":"https:\/\/legere-orga.fr\/index.php\/wp-json\/wp\/v2\/comments?post=291"}],"version-history":[{"count":4,"href":"https:\/\/legere-orga.fr\/index.php\/wp-json\/wp\/v2\/pages\/291\/revisions"}],"predecessor-version":[{"id":309,"href":"https:\/\/legere-orga.fr\/index.php\/wp-json\/wp\/v2\/pages\/291\/revisions\/309"}],"wp:attachment":[{"href":"https:\/\/legere-orga.fr\/index.php\/wp-json\/wp\/v2\/media?parent=291"}],"curies":[{"name":"wp","href":"https:\/\/api.w.org\/{rel}","templated":true}]}}