{"id":224,"date":"2026-02-20T17:33:54","date_gmt":"2026-02-20T16:33:54","guid":{"rendered":"https:\/\/legere-orga.fr\/?page_id=224"},"modified":"2026-02-21T01:51:26","modified_gmt":"2026-02-21T00:51:26","slug":"comprendre-avant-dagir","status":"publish","type":"page","link":"https:\/\/legere-orga.fr\/index.php\/comprendre-avant-dagir\/","title":{"rendered":"Prendre du recul avant de d\u00e9cider."},"content":{"rendered":"\n<p>Quand les sujets s\u2019accumulent, il devient difficile de d\u00e9cider avec lucidit\u00e9.<\/p>\n\n\n\n<p>Priorit\u00e9s floues.<br>Organisation \u00e0 ajuster.<br>Impression d\u2019avancer sans r\u00e9elle visibilit\u00e9.<\/p>\n\n\n\n<p>Avant d\u2019engager un cadre dans la dur\u00e9e, il est parfois n\u00e9cessaire de faire un point structur\u00e9.<\/p>\n\n\n\n<p>Comprendre avant d\u2019agir est une intervention cibl\u00e9e, con\u00e7ue pour analyser votre situation et poser un diagnostic clair.<\/p>\n\n\n\n<h2 class=\"wp-block-heading\">\u00c0 quoi correspond cet accompagnement ?<\/h2>\n\n\n\n<p>Il s\u2019agit d\u2019un temps d\u00e9di\u00e9 pour :<\/p>\n\n\n\n<ul class=\"wp-block-list\">\n<li>analyser votre organisation actuelle,<\/li>\n\n\n\n<li>identifier les points de tension,<\/li>\n\n\n\n<li>clarifier les priorit\u00e9s,<\/li>\n\n\n\n<li>distinguer l\u2019essentiel du secondaire,<\/li>\n\n\n\n<li>poser des recommandations concr\u00e8tes.<\/li>\n<\/ul>\n\n\n\n<p>Ce n\u2019est pas un suivi dans la dur\u00e9e.<br>C\u2019est une intervention ponctuelle avec un objectif pr\u00e9cis.<\/p>\n\n\n\n<h2 class=\"wp-block-heading\">Ce que vous obtenez ?<\/h2>\n\n\n\n<p>\u00c0 l\u2019issue de ce travail, vous repartez avec :<\/p>\n\n\n\n<ul class=\"wp-block-list\">\n<li>une vision clarifi\u00e9e de votre situation,<\/li>\n\n\n\n<li>une hi\u00e9rarchisation des priorit\u00e9s,<\/li>\n\n\n\n<li>une feuille de route structur\u00e9e,<\/li>\n\n\n\n<li>des recommandations actionnables.<\/li>\n<\/ul>\n\n\n\n<p>L\u2019objectif : d\u00e9cider en connaissance de cause.<\/p>\n\n\n\n<h2 class=\"wp-block-heading\">Et ensuite ?<br>Selon votre situation :<\/h2>\n\n\n\n<ul class=\"wp-block-list\">\n<li>vous appliquez les recommandations en autonomie,<\/li>\n\n\n\n<li>vous engagez une mission ponctuelle,<\/li>\n\n\n\n<li>ou vous mettez en place un cadre plus structurant.<\/li>\n<\/ul>\n\n\n\n<p>Mais la d\u00e9cision vous appartient.<\/p>\n\n\n\n<div class=\"wp-block-buttons is-layout-flex wp-block-buttons-is-layout-flex\">\n<div class=\"wp-block-button\"><a class=\"wp-block-button__link wp-element-button\" href=\"https:\/\/legere-orga.fr\/index.php\/contact\/\">\ud83d\udc49 <strong>Prendre rendez-vous d\u00e9couverte<\/strong><\/a><\/div>\n<\/div>\n\n\n\n<p>\u00c0 l\u2019issue du diagnostic, certaines expertises strat\u00e9giques pourront \u00eatre activ\u00e9es si la situation le n\u00e9cessite.<\/p>\n\n\n\n<p><\/p>\n","protected":false},"excerpt":{"rendered":"<p>Quand les sujets s\u2019accumulent, il devient difficile de d\u00e9cider avec lucidit\u00e9. Priorit\u00e9s floues.Organisation \u00e0 ajuster.Impression d\u2019avancer sans r\u00e9elle visibilit\u00e9. Avant d\u2019engager un cadre dans la dur\u00e9e, il est parfois n\u00e9cessaire de faire un point structur\u00e9. Comprendre avant d\u2019agir est une intervention cibl\u00e9e, con\u00e7ue pour analyser votre situation et poser un diagnostic clair. \u00c0 quoi correspond [&hellip;]<\/p>\n","protected":false},"author":1,"featured_media":0,"parent":0,"menu_order":0,"comment_status":"closed","ping_status":"closed","template":"","meta":{"footnotes":""},"class_list":["post-224","page","type-page","status-publish","hentry"],"_links":{"self":[{"href":"https:\/\/legere-orga.fr\/index.php\/wp-json\/wp\/v2\/pages\/224","targetHints":{"allow":["GET"]}}],"collection":[{"href":"https:\/\/legere-orga.fr\/index.php\/wp-json\/wp\/v2\/pages"}],"about":[{"href":"https:\/\/legere-orga.fr\/index.php\/wp-json\/wp\/v2\/types\/page"}],"author":[{"embeddable":true,"href":"https:\/\/legere-orga.fr\/index.php\/wp-json\/wp\/v2\/users\/1"}],"replies":[{"embeddable":true,"href":"https:\/\/legere-orga.fr\/index.php\/wp-json\/wp\/v2\/comments?post=224"}],"version-history":[{"count":3,"href":"https:\/\/legere-orga.fr\/index.php\/wp-json\/wp\/v2\/pages\/224\/revisions"}],"predecessor-version":[{"id":328,"href":"https:\/\/legere-orga.fr\/index.php\/wp-json\/wp\/v2\/pages\/224\/revisions\/328"}],"wp:attachment":[{"href":"https:\/\/legere-orga.fr\/index.php\/wp-json\/wp\/v2\/media?parent=224"}],"curies":[{"name":"wp","href":"https:\/\/api.w.org\/{rel}","templated":true}]}}