{"id":18,"date":"2026-02-05T15:30:10","date_gmt":"2026-02-05T15:30:10","guid":{"rendered":"https:\/\/legere-orga.fr\/?page_id=18"},"modified":"2026-02-20T23:28:48","modified_gmt":"2026-02-20T22:28:48","slug":"contact","status":"publish","type":"page","link":"https:\/\/legere-orga.fr\/index.php\/contact\/","title":{"rendered":"Prenons le temps de poser un cadre."},"content":{"rendered":"\n<p>Chaque situation est diff\u00e9rente.<\/p>\n\n\n\n<p>Avant de d\u00e9finir un format d\u2019accompagnement, prenons le temps de clarifier votre organisation et vos priorit\u00e9s.<\/p>\n\n\n\n<p>Ce rendez-vous d\u00e9couverte permet de :<\/p>\n\n\n\n<ul class=\"wp-block-list\">\n<li>faire le point sur votre situation actuelle<\/li>\n\n\n\n<li>identifier les points de tension ou de blocage<\/li>\n\n\n\n<li>d\u00e9finir un cadre d\u2019intervention adapt\u00e9<\/li>\n<\/ul>\n\n\n\n<div style=\"height:40px\" aria-hidden=\"true\" class=\"wp-block-spacer\"><\/div>\n\n\n\n<div class=\"wp-block-group has-background has-global-padding is-layout-constrained wp-block-group-is-layout-constrained\" style=\"background-color:#f2f2f2\">\n<div class=\"wp-block-group has-background has-global-padding is-layout-constrained wp-block-group-is-layout-constrained\" style=\"background-color:#f2f2f2\">\n<h3 class=\"wp-block-heading\"><strong>\ud83d\udcc5 Parlons-en de vive voix (30 min)<\/strong><\/h3>\n<\/div>\n\n\n\n<div class=\"wp-block-buttons is-content-justification-center is-layout-flex wp-container-core-buttons-is-layout-a89b3969 wp-block-buttons-is-layout-flex\">\n<div class=\"wp-block-button has-custom-width wp-block-button__width-50 is-style-fill\"><a class=\"wp-block-button__link wp-element-button\" href=\"https:\/\/calendly.com\/laetitia-legere-orga\/30min\">\ud83d\udc49 Prendre rendez-vous d\u00e9couverte<\/a><\/div>\n<\/div>\n<\/div>\n\n\n\n<p>Rendez-vous en visio \u2022 30 minutes \u2022 Offert et sans engagement<\/p>\n\n\n\n<hr class=\"wp-block-separator has-alpha-channel-opacity\"\/>\n\n\n\n<h2 class=\"wp-block-heading\"><strong>\u2709\ufe0f Une question rapide ?<\/strong><\/h2>\n\n\n\n<div class=\"wp-block-group is-style-default has-global-padding is-layout-constrained wp-block-group-is-layout-constrained\">\n<p class=\"has-medium-font-size\"><strong>Vous pr\u00e9f\u00e9rez me d\u00e9tailler<\/strong> votre besoin par \u00e9crit, utilisez le formulaire ci-dessous.<br>Je vous r\u00e9ponds sous 48h.<\/p>\n\n\n\n<div class=\"wpcf7 no-js\" id=\"wpcf7-f34-o1\" lang=\"fr-FR\" dir=\"ltr\" data-wpcf7-id=\"34\">\n<div class=\"screen-reader-response\"><p role=\"status\" aria-live=\"polite\" aria-atomic=\"true\"><\/p> <ul><\/ul><\/div>\n<form action=\"\/index.php\/wp-json\/wp\/v2\/pages\/18#wpcf7-f34-o1\" method=\"post\" class=\"wpcf7-form init\" aria-label=\"Formulaire de contact\" novalidate=\"novalidate\" data-status=\"init\">\n<fieldset class=\"hidden-fields-container\"><input type=\"hidden\" name=\"_wpcf7\" value=\"34\" \/><input type=\"hidden\" name=\"_wpcf7_version\" value=\"6.1.5\" \/><input type=\"hidden\" name=\"_wpcf7_locale\" value=\"fr_FR\" \/><input type=\"hidden\" name=\"_wpcf7_unit_tag\" value=\"wpcf7-f34-o1\" \/><input type=\"hidden\" name=\"_wpcf7_container_post\" value=\"0\" \/><input type=\"hidden\" name=\"_wpcf7_posted_data_hash\" value=\"\" \/>\n<\/fieldset>\n<p><label> Votre nom<br \/>\n<span class=\"wpcf7-form-control-wrap\" data-name=\"your-name\"><input size=\"40\" maxlength=\"400\" class=\"wpcf7-form-control wpcf7-text wpcf7-validates-as-required\" autocomplete=\"name\" aria-required=\"true\" aria-invalid=\"false\" value=\"\" type=\"text\" name=\"your-name\" \/><\/span> <\/label>\n<\/p>\n<p><label> Votre e-mail<br \/>\n<span class=\"wpcf7-form-control-wrap\" data-name=\"your-email\"><input size=\"40\" maxlength=\"400\" class=\"wpcf7-form-control wpcf7-email wpcf7-validates-as-required wpcf7-text wpcf7-validates-as-email\" autocomplete=\"email\" aria-required=\"true\" aria-invalid=\"false\" value=\"\" type=\"email\" name=\"your-email\" \/><\/span> <\/label>\n<\/p>\n<p><label> Objet<br \/>\n<span class=\"wpcf7-form-control-wrap\" data-name=\"your-subject\"><input size=\"40\" maxlength=\"400\" class=\"wpcf7-form-control wpcf7-text wpcf7-validates-as-required\" aria-required=\"true\" aria-invalid=\"false\" value=\"\" type=\"text\" name=\"your-subject\" \/><\/span> <\/label>\n<\/p>\n<p><label> Votre message (facultatif)<br \/>\n<span class=\"wpcf7-form-control-wrap\" data-name=\"your-message\"><textarea cols=\"40\" rows=\"10\" maxlength=\"2000\" class=\"wpcf7-form-control wpcf7-textarea wpcf7-validates-as-required\" aria-required=\"true\" aria-invalid=\"false\" name=\"your-message\"><\/textarea><\/span> <\/label>\n<\/p>\n<p><input class=\"wpcf7-form-control wpcf7-submit has-spinner\" type=\"submit\" value=\"Envoyer\" \/>\n<\/p><div class=\"wpcf7-response-output\" aria-hidden=\"true\"><\/div>\n<\/form>\n<\/div>\n\n\n\n\n<div style=\"height:40px\" aria-hidden=\"true\" class=\"wp-block-spacer\"><\/div>\n<\/div>\n\n\n\n<h3 class=\"wp-block-heading\">Partenaires <\/h3>\n\n\n\n<p>Si vous souhaitez explorer une collaboration ou mieux comprendre la logique d\u2019\u00e9cosyst\u00e8me L\u00e9g\u00e8re, je vous invite \u00e0 consulter la page <a href=\"https:\/\/legere-orga.fr\/index.php\/ecosysteme\/\" data-type=\"page\" data-id=\"291\">\u00c9cosyst\u00e8me<\/a> ou \u00e0 me contacter via ce formulaire.<\/p>\n\n\n\n<p><\/p>\n","protected":false},"excerpt":{"rendered":"<p>Chaque situation est diff\u00e9rente. Avant de d\u00e9finir un format d\u2019accompagnement, prenons le temps de clarifier votre organisation et vos priorit\u00e9s. Ce rendez-vous d\u00e9couverte permet de : \ud83d\udcc5 Parlons-en de vive voix (30 min) Rendez-vous en visio \u2022 30 minutes \u2022 Offert et sans engagement \u2709\ufe0f Une question rapide ? Vous pr\u00e9f\u00e9rez me d\u00e9tailler votre besoin [&hellip;]<\/p>\n","protected":false},"author":1,"featured_media":0,"parent":0,"menu_order":0,"comment_status":"closed","ping_status":"closed","template":"","meta":{"footnotes":""},"class_list":["post-18","page","type-page","status-publish","hentry"],"_links":{"self":[{"href":"https:\/\/legere-orga.fr\/index.php\/wp-json\/wp\/v2\/pages\/18","targetHints":{"allow":["GET"]}}],"collection":[{"href":"https:\/\/legere-orga.fr\/index.php\/wp-json\/wp\/v2\/pages"}],"about":[{"href":"https:\/\/legere-orga.fr\/index.php\/wp-json\/wp\/v2\/types\/page"}],"author":[{"embeddable":true,"href":"https:\/\/legere-orga.fr\/index.php\/wp-json\/wp\/v2\/users\/1"}],"replies":[{"embeddable":true,"href":"https:\/\/legere-orga.fr\/index.php\/wp-json\/wp\/v2\/comments?post=18"}],"version-history":[{"count":38,"href":"https:\/\/legere-orga.fr\/index.php\/wp-json\/wp\/v2\/pages\/18\/revisions"}],"predecessor-version":[{"id":312,"href":"https:\/\/legere-orga.fr\/index.php\/wp-json\/wp\/v2\/pages\/18\/revisions\/312"}],"wp:attachment":[{"href":"https:\/\/legere-orga.fr\/index.php\/wp-json\/wp\/v2\/media?parent=18"}],"curies":[{"name":"wp","href":"https:\/\/api.w.org\/{rel}","templated":true}]}}